{"id":1966,"date":"2017-03-30T07:10:20","date_gmt":"2017-03-30T07:10:20","guid":{"rendered":"http:\/\/wordpress.unitest.pl\/?page_id=1966"},"modified":"2025-07-14T12:02:32","modified_gmt":"2025-07-14T11:02:32","slug":"clients-2","status":"publish","type":"page","link":"https:\/\/www.unitest.pl\/?page_id=1966","title":{"rendered":"Clients"},"content":{"rendered":"[vc_row type=&#8221;full_width_content&#8221; full_screen_row_position=&#8221;middle&#8221; scene_position=&#8221;center&#8221; text_color=&#8221;dark&#8221; text_align=&#8221;left&#8221; top_padding=&#8221;35&#8243; overlay_strength=&#8221;0.3&#8243;][vc_column column_padding=&#8221;no-extra-padding&#8221; column_padding_position=&#8221;all&#8221; background_color_opacity=&#8221;1&#8243; background_hover_color_opacity=&#8221;1&#8243; width=&#8221;1\/1&#8243; tablet_text_alignment=&#8221;default&#8221; phone_text_alignment=&#8221;default&#8221;][vc_raw_html]JTNDaWZyYW1lJTIwd2lkdGglM0QlMjIxMDAlMjUlMjIlMjBoZWlnaHQlM0QlMjI3MDBweCUyMiUyMHNyYyUzRCUyMmh0dHBzJTNBJTJGJTJGd3d3Lmdvb2dsZS5jb20lMkZtYXBzJTJGZCUyRmVtYmVkJTNGbWlkJTNEMXY4X1FmYm1MY1hYdm9UUWdYSldsbEZZczRoWSUyMiUzRSUzQyUyRmlmcmFtZSUzRQ==[\/vc_raw_html][\/vc_column][\/vc_row][vc_row type=&#8221;in_container&#8221; full_screen_row_position=&#8221;middle&#8221; equal_height=&#8221;yes&#8221; scene_position=&#8221;center&#8221; text_color=&#8221;dark&#8221; text_align=&#8221;left&#8221; top_padding=&#8221;40&#8243; overlay_strength=&#8221;0.3&#8243;][vc_column column_padding=&#8221;no-extra-padding&#8221; column_padding_position=&#8221;all&#8221; background_color_opacity=&#8221;1&#8243; background_hover_color_opacity=&#8221;1&#8243; width=&#8221;1\/1&#8243; tablet_text_alignment=&#8221;default&#8221; phone_text_alignment=&#8221;default&#8221;][vc_column_text]\n<h1><span style=\"color: #324264;\">We reach for our Clients in the most remote corners of the world<\/span><\/h1>\n[\/vc_column_text]<div class=\"divider-wrap\"><div style=\"margin-top: 12px; width: 20%px; height: 3px; margin-bottom: 12px;\" data-width=\"20%\" data-animate=\"\" data-animation-delay=\"\" data-color=\"extra-color-3\" class=\"divider-small-border\"><\/div><\/div>[\/vc_column][\/vc_row][vc_row type=&#8221;in_container&#8221; full_screen_row_position=&#8221;middle&#8221; equal_height=&#8221;yes&#8221; scene_position=&#8221;center&#8221; text_color=&#8221;dark&#8221; text_align=&#8221;left&#8221; overlay_strength=&#8221;0.3&#8243;][vc_column column_padding=&#8221;no-extra-padding&#8221; column_padding_position=&#8221;all&#8221; background_color_opacity=&#8221;1&#8243; background_hover_color_opacity=&#8221;1&#8243; width=&#8221;1\/1&#8243; tablet_text_alignment=&#8221;default&#8221; phone_text_alignment=&#8221;default&#8221;][tabbed_section style=&#8221;minimal&#8221; alignment=&#8221;left&#8221; cta_button_style=&#8221;extra-color-3&#8243;][tab title=&#8221;Europe&#8221; id=&#8221;1490857551-1-55&#8243; tab_id=&#8221;1490857620596-0&#8243;][vc_column_text]\n<ul>\n<li>VDAB, Zeebrugge, Belgium<\/li>\n<li>Maritiem Instituut Mercator, Oostende, Belgium<\/li>\n<li>Hogere Zeevaartschool &#8211; Antwerp Maritime Academy, Antwerp, Belgium<\/li>\n<li>University of Dubrovnik, Dubrovnik, Croatia<\/li>\n<li>Dubrovnik Maritime and Technical School, Dubrovnik, Croatia<\/li>\n<li>Nautical High School Split, Split, Croatia<\/li>\n<li>Maritime School Zadar, Zadar, Croatia<\/li>\n<li>Maritime School Bakar, Bakar, Croatia<\/li>\n<li>High School Ambroza Haracica, Mali Losin, Croatia<\/li>\n<li>Pomorsko-tehnicka skola Dubrovnik, Dubrovnik, Croatia<\/li>\n<li>Srednja Skola Petra Segedina, Korcula, Croatia<\/li>\n<li>Gambi doo, Sibenik, Croatia<\/li>\n<li>S.A.S ESOFTWARE SOLUTION, Limassol, Cyprus, Limassol, Cyprus<\/li>\n<li>Danish Maritime Authority, Copenhagen, Denmark<\/li>\n<li>Alfa Laval Aalborg A\/S, Aalborg, Denmark<\/li>\n<li>Alfa Laval Copenhagen A\/S, Soborg, Denmark<\/li>\n<li>DESMI Ocean Guard A\/S, Norresundby, Denmark<\/li>\n<li>Estonian Maritime Academy, Tallinn, Estonia<\/li>\n<li>MSCA O\u00dc, Tallin, Estonia<\/li>\n<li>MERITURVA Maritime Safety Training Center, Tietotie, Finland<\/li>\n<li>Rauma Vocational College \u2013 Maritime Department, Rauma, Finland<\/li>\n<li>Kymenlaakso Polytechnic \u2013 Maritime Department, Kotka, Finland<\/li>\n<li>Satakunta Polytechnic, Maritme Management, Rauma, Finland<\/li>\n<li>South Eastern Finland University of Applied Sciences, Docuscan, Finland<\/li>\n<li>Image Soft Oy, Helsinki, Finland<\/li>\n<li>Kaakkois-Suomen Ammattikorkeakoulu Oy, Docuscan, Finland<\/li>\n<li>Axxel Utbildning Ab, Eken\u00e4s, Finland<\/li>\n<li>Ab Yrkesh\u00f6gskolan vid \u00c5bo Akademi or Yrkesh\u00f6gskolan Novia, Basware, Finland<\/li>\n<li>Aboa Mare AB, Basware, Finland<\/li>\n<li>L\u00e4nsirannikon Koulutus Oy, Pori, Finland<\/li>\n<li>ENAMM National Merchant Maritime Academy, Saint Malo, France<\/li>\n<li>LPM Maritime School, Saint Malo, France<\/li>\n<li>LPM Maritime School, Le Guilvinec, France<\/li>\n<li>LPM Maritime School, Nantes, France<\/li>\n<li>Ecole des Metiers de la Mer, France<\/li>\n<li>MAN Diesel &amp; Turbo France SAS, Saint Nazaire, France<\/li>\n<li>CMA CGM Group, Marseille, France<\/li>\n<li>MAN Energy Solutions France SAS, Saint- Nazaire Cedex, France<\/li>\n<li>Ecole Navale, Brest Cedex, France<\/li>\n<li>Lycee Professionnel Georges Cisson, Nantes, France<\/li>\n<li>Batumi State Maritime Academy, Georgia<\/li>\n<li>MaritimeSoft, Rostok, Germany<\/li>\n<li>Institut f\u00fcr Schiffsbetriebsforschung an der Fachhochschule Flensburg, Flensburg, Germany<\/li>\n<li>Hochschule Bremerhaven, Bremerhaven, Germany<\/li>\n<li>Beluga Shipping GmbH &amp; Co. KG, Bremen, Germany<\/li>\n<li>Columbus Shipmanagement, Hamburg, Germany<\/li>\n<li>Fachschule fur Seefahrt, Flensburg, Germany<\/li>\n<li>Jade Hochschule, Elsfleth, Germany<\/li>\n<li>Akademie f\u00fcr Schiffssicherheit e.V., Rostock, Germany<\/li>\n<li>QMS Ltd Marine Training Centre, Piraeus, Greece<\/li>\n<li>Technava S.A., Piraeus, Greece<\/li>\n<li>Latsco Marine Management Inc., Kifisia, Greece<\/li>\n<li>FVI, Iceland<\/li>\n<li>Fj\u00f6lbrautask\u00f3li Su\u00f0urnesja, Keflav\u00edk, Iceland<\/li>\n<li>Fj\u00f6lbrautask\u00f3li Vesturlands, Akranesi, Iceland<\/li>\n<li>Fj\u00f6lbrautask\u00f3li Nor\u00f0urlands vestra, Sau\u00f0\u00e1rkr\u00f3ki, Iceland<\/li>\n<li>Verkmenntask\u00f3li Austurlands, Neskaupstadur, Iceland<\/li>\n<li>Technical Training College, Ireland<\/li>\n<li>National Maritime College of Ireland, Ireland<\/li>\n<li>BIM Regional Fisheries Centre, Ireland<\/li>\n<li>Cork Institute of Technology, Cork, Ireland<\/li>\n<li>SINDEL, Genova, Italy<\/li>\n<li>\u201cL Calamatta\u201d Nautical Institute, Civitavecchia, Italy<\/li>\n<li>\u201cG Cini\u201d Nautical Institute, Chioggia, Italy<\/li>\n<li>Istituito Tecnico Statale Transporti e Logistica, Palermo, Italy<\/li>\n<li>5Ks Srl, Arenzano, Italy<\/li>\n<li>I.S.I.S DUCA DEGLI ABRUZZI DI CATANIA, Catania, Italy<\/li>\n<li>Ego Solutions di Francesco Saverio Cocorullo, Napoli, Italy<\/li>\n<li>Latvian Maritime Academy, Riga, Latvia<\/li>\n<li>SIA &#8220;Novikontas&#8221;, Riga, Latvia<\/li>\n<li>Latvian Maritime Academy, Riga, Latvia<\/li>\n<li>Liep\u0101ja Maritime College, Liep\u0101ja, Latvia<\/li>\n<li>SIA Sentios, Riga, Latvia<\/li>\n<li>Latvijas J\u016bras akad\u0113mija, Riga, Latvia<\/li>\n<li>Klaipeda University, Maritime Institute College, Klaipeda, Lithuania<\/li>\n<li>Maritime College, Kotor, Montenegro<\/li>\n<li>Her\u00f8y Vidareg\u00e5ande Skule, Fosnav\u00e5g, Norway<\/li>\n<li>SEAGULL Maritime AS, Horten, Norway<\/li>\n<li>Offshore Simulation Center, Aalesund, Norway<\/li>\n<li>SMSC &#8211; Ship Modelling and Simulation Centre, Trondheim, Norway<\/li>\n<li>Poseidon Simulation AS, Tronheim, Norway<\/li>\n<li>Kjemikalietank AS, Paradis, Norway<\/li>\n<li>Gdynia Maritime University, Gdynia, Poland<\/li>\n<li>Maritime University of Szczecin, Szczecin, Poland<\/li>\n<li>Polish Naval Academy, Gdynia, Poland<\/li>\n<li>Navy Training Center, Ustka, Poland<\/li>\n<li>University of Technology, Koszalin, Poland<\/li>\n<li>University of Technology, Gdansk, Poland<\/li>\n<li>Technical Academy, Bydgoszcz, Poland<\/li>\n<li>Maritime College, \u015awinouj\u015bcie, Poland<\/li>\n<li>Maritime College, Ko\u0142obrzeg, Poland<\/li>\n<li>Maritime College, Dar\u0142owo, Poland<\/li>\n<li>Maritime College, Gda\u0144sk, Poland<\/li>\n<li>Gdynia Maritime School, Gdynia, Poland<\/li>\n<li>Ship\u2019s Building College, Szczecin, Poland<\/li>\n<li>Inland Water College, Nak\u0142o, Poland<\/li>\n<li>Inland Water College, K\u0119dzierzyn &#8211; Ko\u017ale, Poland<\/li>\n<li>REMONTOWA Shipbuilding, Gda\u0144sk, Poland<\/li>\n<li>ZENIT Maritime Training Center, Szczecin, Poland<\/li>\n<li>Escola Nautica Infante D. Henrique, Paco de Arcos, Portugal<\/li>\n<li>Naval Academy, Almada, Portugal<\/li>\n<li>Romanian Nautical College Association, Ilfov, Romania<\/li>\n<li>Veritas Maritime Training Center S.R.L, Constanta, Romania<\/li>\n<li>Baltic Fishing Fleet State Academy, Kaliningrad, Russia<\/li>\n<li>STORM, Moscow, Russia<\/li>\n<li>Vladivostok Marine College, Vladivostok, Russia<\/li>\n<li>Volga State Academy of Water Transport, Russia<\/li>\n<li>Yenisei branch of Novosibirsk State Academy of Water Transportation, Russia<\/li>\n<li>Irtysh branch of Moscow State Academy of Water Transport in Omsk, Omsk, Russia<\/li>\n<li>Rostov-on-Don branch of Moscow State Academy of Water Transport, Rostov, Russia<\/li>\n<li>Tyumen Professional College, Russia<\/li>\n<li>Marstar Training Center, St. Petersburg, Russia<\/li>\n<li>Rostov-on-Don Branch of Novorossiysk State Maritime Academy, Rostov, Russia<\/li>\n<li>Professional Lyceum of Water Transport, Rostov, Russia<\/li>\n<li>Khanty-Mansiysk River College, Russia<\/li>\n<li>Arkhangelsk Marine College, Russia<\/li>\n<li>Maritime Administration of Port Novorossiysk, Russia<\/li>\n<li>Novosibirsk State Academy of Water Transport, Russia<\/li>\n<li>Volzhskaya State Academy of Water Transport, Russia<\/li>\n<li>Kazan Branch of Volzhskaya State Academy of Water Transport, Russia<\/li>\n<li>Vladivostok Training Center, Russia<\/li>\n<li>St Petersburg State University of Water Communication, Russia<\/li>\n<li>Moscow State Academy of Water Transport, Moscow, Russia<\/li>\n<li>University of Ljubljana, Portoroz, Slovenia<\/li>\n<li>Escuela de Formacion Profesional Nautico Pesquera de Las Palmas, Las Palmas, Spain<\/li>\n<li>Almacenes Pumarin SA, Spain<\/li>\n<li>Fishery Institute, Tenerife, Spain<\/li>\n<li>Centro Integrado de Formacion Profesional No, Santander, Spain<\/li>\n<li>Fluidmecanica, Vigo, Spain<\/li>\n<li>Anexus Spain, Sl, Barcelona, Spain<\/li>\n<li>ALFA-LAVAL Marine &amp; Power, Tumba, Sweden<\/li>\n<li>Kalmar Maritime Academy, Sweden<\/li>\n<li>Alfawall AB, Tumba, Sweden<\/li>\n<li>Alfa Olaval Tumba AB, Tumba, Sweden<\/li>\n<li>Linnaeus University, Kalmar, Sweden<\/li>\n<li>Nordic Ship Safety Consult, J\u00e4rf\u00e4lla, Sweden<\/li>\n<li>Kistler Instrumente, Winterthur, Switzerland<\/li>\n<li>Winterthur Gas &amp; Diesel Ltd, Winterthur, Switzerland<\/li>\n<li>Shipping and Transport College, Rotterdam, The Netherlands<\/li>\n<li>ROC Kop van Noord-Holland, Den Helder, The Netherlands<\/li>\n<li>VSTEP BV, Rotterdam, The Netherlands<\/li>\n<li>ROC FRIESE POORT, Leeuwarden, The Netherlands<\/li>\n<li>Noordepoort Energy &amp; Maritime, Appingedam, The Netherlands<\/li>\n<li>GEM\u0130S\u0130M S\u0130M\u00dcLASYON VE ENERJ\u0130 S\u0130STEMLER\u0130 \u0130N\u015eAAT SAN. T\u0130C. LTD. \u015eT\u0130, \u0130stanbul, Turkey<\/li>\n<li>Odessa National Maritime Academy, Odessa, Ukraine<\/li>\n<li>PC Maritime Ltd, Plymouth, United Kingdom<\/li>\n<li>Glasgow College of Nautical Studies, Glasgow, United Kingdom<\/li>\n<li>Plymouth CFE, Plymouth, United Kingdom<\/li>\n<\/ul>\n[\/vc_column_text][\/tab][tab title=&#8221;Asia&#8221; id=&#8221;1490857551-2-1&#8243; tab_id=&#8221;1490857620792-7&#8243;][vc_column_text]\n<ul>\n<li>University of Marine Technology, Korramshar, Iran<\/li>\n<li>Coast Guard Marine Training Center, Jeddah, Kingdom of Saudi Arabia<\/li>\n<li>Al Fatah University, Libya<\/li>\n<li>Gaza, Palestine (UN Project), Palestine (UN Project)<\/li>\n<li>STORM, Moscow, Russia<\/li>\n<li>Vladivostok Marine College, Vladivostok, Russia<\/li>\n<li>Volga State Academy of Water Transport, Russia<\/li>\n<li>Yenisei branch of Novosibirsk State Academy of Water Transportation, Russia<\/li>\n<li>Irtysh branch of Moscow State Academy of Water Transport in Omsk, Omsk, Russia<\/li>\n<li>Rostov-on-Don branch of Moscow State Academy of Water Transport, Rostov, Russia<\/li>\n<li>Tyumen Professional College, Russia<\/li>\n<li>Marstar Training Center, St. Petersburg, Russia<\/li>\n<li>Rostov-on-Don Branch of Novorossiysk State Maritime Academy, Rostov, Russia<\/li>\n<li>Professional Lyceum of Water Transport, Rostov, Russia<\/li>\n<li>Khanty-Mansiysk River College, Russia<\/li>\n<li>Arkhangelsk Marine College, Russia<\/li>\n<li>Maritime Administration of Port Novorossiysk, Russia<\/li>\n<li>Novosibirsk State Academy of Water Transport, Russia<\/li>\n<li>Volzhskaya State Academy of Water Transport, Russia<\/li>\n<li>Kazan Branch of Volzhskaya State Academy of Water Transport, Russia<\/li>\n<li>Vladivostok Training Center, Russia<\/li>\n<li>St Petersburg State University of Water Communication, Russia<\/li>\n<li>Moscow State Academy of Water Transport, Moscow, Russia<\/li>\n<li>Marine Training Center, Latakia, Syria<\/li>\n<li>Istanbul Technical University \u2013 Maritime Department, Istanbul, Turkey<\/li>\n<li>Barbaros Hayrettin Pa\u015fa Anadolu Maritime Vocational High School Istanbul, Istanbul, Turkey<\/li>\n<li>Edutech Middle East, UAE, United Arab Emirates<\/li>\n<li>Pacific Seafarers Training Centre Ilc, Umm Al. Quwain, United Arab Emirates<\/li>\n<\/ul>\n[\/vc_column_text][\/tab][tab title=&#8221;Asia Pacific&#8221; id=&#8221;1490857695563-2-4&#8243; tab_id=&#8221;1490857695569-2&#8243;][vc_column_text]\n<ul>\n<li>EMS CO, LTD, Tokyo, Japan<\/li>\n<li>Tregannu University, Malaysia<\/li>\n<li>Ranaco Education &amp; Training Institute SDN BHD, Kemaman, Terengganu, Malaysia<\/li>\n<li>Sarawak Maritime Academy SDN BHD, Sibu, Sarawak, Malaysia<\/li>\n<li>MIMET Kuala Lumpur University, Malaysia<\/li>\n<li>Alburak Marine Services Ltd, Marshall Islands<\/li>\n<li>New Zealand Maritime School, Auckland, New Zealand<\/li>\n<li>Singapore Polytechnic, Singapore Maritime Academy, Singapore, Singapore<\/li>\n<li>The China Navigation Co, Singapore<\/li>\n<li>VTRANS INTL FREIGHT LOGISTICS PTE LTD, Singapore<\/li>\n<li>Power Tree Technologies Pte. Ltd., The Adelphi, Singapore<\/li>\n<li>NORR SYSTEMS KOREA Co Ltd Korea, Busan, South Korea<\/li>\n<li>Colombo International Nautical &amp; Engineering College, Colombo, Sri Lanka<\/li>\n<li>National Kaoshiung Inst. of Marine Technology, Taiwan<\/li>\n<li>US&amp;EC Taipei, Taiwan<\/li>\n<li>Southeast Asian Fisheries Center, Bangkok, Thailand<\/li>\n<li>National Merchant Maritime Academy, Bangkok, Thailand<\/li>\n<li>Rajamangala University of Technology Srivijaya, Khanom, Thailand<\/li>\n<li>Marine Star Co., Ltd., Thailand<\/li>\n<li>Southfield Agencies \u2013 Training Center, Manila, The Philippines<\/li>\n<li>Maritime Academy of Asia and the Pacific, Mariveles Bataan, The Philippines<\/li>\n<li>Maritme School JBLCF, Iloilo, The Philippines<\/li>\n<li>Philippine Marine School, The Philippines<\/li>\n<li>Wallem Maritime Training Centre, The Philippines<\/li>\n<li>The Philippine Merchant Marine Academy (PMMA), San Narciso, Zambales, The Philippines<\/li>\n<li>Norwegian Training Center, Metro Manila, The Philippines<\/li>\n<li>Topmast Inc., Pasay, The Philippines<\/li>\n<li>GigaMare Inc., Zambales, The Philippines<\/li>\n<li>TEOTEC, Hanoi, Vietnam<\/li>\n<\/ul>\n[\/vc_column_text][\/tab][tab title=&#8221;North America&#8221; id=&#8221;1490857731794-3-2&#8243; tab_id=&#8221;1490857731799-7&#8243;][vc_column_text]\n<ul>\n<li>Gaslog LNG Services LTD, Hamilton, Bermuda<\/li>\n<li>British Columbia Institute of Technology, Burnaby, Canada<\/li>\n<li>Nova Scotia Community College, Canada<\/li>\n<li>Canadian Coast Guard College, Sydney, Canada<\/li>\n<li>Fisher and Oceans, Ottawa, Canada<\/li>\n<li>Nichols Advanced Marine, Arlington, The United States of America<\/li>\n<li>Ships Analytics, The United States of America<\/li>\n<li>California Maritime Academy, Vallejo, The United States of America<\/li>\n<li>Paul Hall Maritime Center, The United States of America<\/li>\n<li>Texas A&amp;M University, Galveston, The United States of America<\/li>\n<li>Maine Maritime Academy, Castine, The United States of America<\/li>\n<\/ul>\n[\/vc_column_text][\/tab][tab title=&#8221;Central America&#8221; id=&#8221;1490857761579-4-4&#8243; tab_id=&#8221;1490857761586-7&#8243;][vc_column_text]\n<ul>\n<li>Feffik Training Center, Curacao, Dutch Antilles<\/li>\n<li>QVALITAS International Group, Panama, Panama<\/li>\n<li>Panama Maritime International Training Center, La Chorrera, Panama<\/li>\n<\/ul>\n[\/vc_column_text][\/tab][tab title=&#8221;South America&#8221; id=&#8221;1490857793966-5-9&#8243; tab_id=&#8221;1490857793974-1&#8243;][vc_column_text]\n<ul>\n<li>Escola Nacional de Nautica \u201cManuel Belgrano\u201d, Buenos Aires, Argentina<\/li>\n<li>Petrobras Transportes SA, Brasil<\/li>\n<li>Universidas Maritima de Chile, Chile<\/li>\n<li>Academia Nautica del Sur Ltda, Puerto Montt, Chile<\/li>\n<li>Navy Academy, Peru<\/li>\n<li>Escuela Nacional de Marina Mercante \u201cAlmirante Miguel Grau\u201d, Callao, Peru<\/li>\n<li>Dutch Caribbean Training Centre in Maracaibo, Zulia, Venezuela<\/li>\n<\/ul>\n[\/vc_column_text][\/tab][tab title=&#8221;Africa&#8221; id=&#8221;1490871794039-6-7&#8243; tab_id=&#8221;1490871794047-5&#8243;][vc_column_text]\n<ul>\n<li>Institite Superieur Maritime (ISM) \u2013 WMU Branch Bou Ismail, Algeria<\/li>\n<li>Academia de Pescas e Ciencias do Mar, Namibe, Angola<\/li>\n<li>Arab Academy for Science &amp; Technology and Maritime Transport, Alexandria, Egypt<\/li>\n<li>East Port Said Technological University, Egypt<\/li>\n<li>Smart Systems Marine Simulation &amp; Training Solutions Department, Cairo Egypt<\/li>\n<li>Technological Military College, Cairo, Egypt<\/li>\n<li>The Egyptian Armament Authority, Ministry of Defense, Cairo, Egypt<\/li>\n<li>University of Alexandria, Egypt<\/li>\n<li>Regional Maritime Academy, Accra, Ghana<\/li>\n<li>Escola Superior de Ci\u00eancias N\u00e1uticas, Maputo, Mozambique<\/li>\n<li>Nigerian Company Seriway, Nigeria<\/li>\n<li>Ace Labview Ltd., Port Harcourt, Nigeria<\/li>\n<li>South African Maritime Academy SAMTRA, Simons Town, South Africa<\/li>\n<li>STC Veritas, Tunis, Tunisia<\/li>\n<\/ul>\n[\/vc_column_text][\/tab][\/tabbed_section][\/vc_column][\/vc_row]\n","protected":false},"excerpt":{"rendered":"<p>[vc_row type=&#8221;full_width_content&#8221; full_screen_row_position=&#8221;middle&#8221; scene_position=&#8221;center&#8221; text_color=&#8221;dark&#8221; text_align=&#8221;left&#8221; top_padding=&#8221;35&#8243; overlay_strength=&#8221;0.3&#8243;][vc_column column_padding=&#8221;no-extra-padding&#8221; column_padding_position=&#8221;all&#8221; background_color_opacity=&#8221;1&#8243; background_hover_color_opacity=&#8221;1&#8243; width=&#8221;1\/1&#8243; tablet_text_alignment=&#8221;default&#8221; phone_text_alignment=&#8221;default&#8221;][vc_raw_html]JTNDaWZyYW1lJTIwd2lkdGglM0QlMjIxMDAlMjUlMjIlMjBoZWlnaHQlM0QlMjI3MDBweCUyMiUyMHNyYyUzRCUyMmh0dHBzJTNBJTJGJTJGd3d3Lmdvb2dsZS5jb20lMkZtYXBzJTJGZCUyRmVtYmVkJTNGbWlkJTNEMXY4X1FmYm1MY1hYdm9UUWdYSldsbEZZczRoWSUyMiUzRSUzQyUyRmlmcmFtZSUzRQ==[\/vc_raw_html][\/vc_column][\/vc_row][vc_row type=&#8221;in_container&#8221; full_screen_row_position=&#8221;middle&#8221; equal_height=&#8221;yes&#8221; scene_position=&#8221;center&#8221; text_color=&#8221;dark&#8221; text_align=&#8221;left&#8221; top_padding=&#8221;40&#8243; overlay_strength=&#8221;0.3&#8243;][vc_column column_padding=&#8221;no-extra-padding&#8221; column_padding_position=&#8221;all&#8221; background_color_opacity=&#8221;1&#8243; background_hover_color_opacity=&#8221;1&#8243; width=&#8221;1\/1&#8243; tablet_text_alignment=&#8221;default&#8221; phone_text_alignment=&#8221;default&#8221;][vc_column_text]&#8230;<\/p>\n","protected":false},"author":3,"featured_media":0,"parent":0,"menu_order":0,"comment_status":"closed","ping_status":"closed","template":"","meta":{"footnotes":""},"_links":{"self":[{"href":"https:\/\/www.unitest.pl\/index.php?rest_route=\/wp\/v2\/pages\/1966"}],"collection":[{"href":"https:\/\/www.unitest.pl\/index.php?rest_route=\/wp\/v2\/pages"}],"about":[{"href":"https:\/\/www.unitest.pl\/index.php?rest_route=\/wp\/v2\/types\/page"}],"author":[{"embeddable":true,"href":"https:\/\/www.unitest.pl\/index.php?rest_route=\/wp\/v2\/users\/3"}],"replies":[{"embeddable":true,"href":"https:\/\/www.unitest.pl\/index.php?rest_route=%2Fwp%2Fv2%2Fcomments&post=1966"}],"version-history":[{"count":58,"href":"https:\/\/www.unitest.pl\/index.php?rest_route=\/wp\/v2\/pages\/1966\/revisions"}],"predecessor-version":[{"id":4202,"href":"https:\/\/www.unitest.pl\/index.php?rest_route=\/wp\/v2\/pages\/1966\/revisions\/4202"}],"wp:attachment":[{"href":"https:\/\/www.unitest.pl\/index.php?rest_route=%2Fwp%2Fv2%2Fmedia&parent=1966"}],"curies":[{"name":"wp","href":"https:\/\/api.w.org\/{rel}","templated":true}]}}